{"id":1,"date":"2019-09-05T08:43:56","date_gmt":"2019-09-05T08:43:56","guid":{"rendered":"http:\/\/www.cocinasgubia.com\/?p=1"},"modified":"2025-04-11T11:49:41","modified_gmt":"2025-04-11T11:49:41","slug":"home","status":"publish","type":"page","link":"http:\/\/www.cocinasgubia.com\/","title":{"rendered":"Home"},"content":{"rendered":"<h1>Estamos mejorando nuestra web<\/h1>\n<ul>\n<li>\n<p>        <img decoding=\"async\" src=\"\/wp-content\/uploads\/2025\/04\/galeria-cocinas-grupo-top-form-04.jpg\" alt=\"\"><\/p>\n<\/li>\n<li>\n<p>        <img decoding=\"async\" src=\"\/wp-content\/uploads\/2025\/04\/97-cocina-en-zenit-verde-salvia-1536x1152-1.jpg\" alt=\"\"><\/p>\n<\/li>\n<li>\n<p>        <img decoding=\"async\" src=\"\/wp-content\/uploads\/2025\/04\/89cocina-en-zenit-cotto-1536x1152-1.jpg\" alt=\"\"><\/p>\n<\/li>\n<li>\n<p>        <img decoding=\"async\" src=\"\/wp-content\/uploads\/2025\/04\/galeria-cocinas-grupo-top-form-12-gr-1.jpg\" alt=\"\"><\/p>\n<\/li>\n<li>\n<p>        <img decoding=\"async\" src=\"\/wp-content\/uploads\/2025\/04\/10-Cocina-Fenix-Verde-Comodoro-Olmo-Natural-Vista-Detalle-2-Final-Alta.jpg\" alt=\"\"><\/p>\n<\/li>\n<\/ul>\n<ul>\n<li>\n<p>        <img decoding=\"async\" src=\"\/wp-content\/uploads\/2025\/04\/10-Cocina-Fenix-Verde-Comodoro-Olmo-Natural-Vista-Detalle-1-Final-Alta.jpg\" alt=\"\"><\/p>\n<\/li>\n<li>\n<p>        <img decoding=\"async\" src=\"\/wp-content\/uploads\/2025\/04\/09-Cocina-Max-Advance-Arena-Oro-Planet-Kenia-Vista-Detalle-Cocina-Final-Alta.jpg\" alt=\"\"><\/p>\n<\/li>\n<li>\n<p>        <img decoding=\"async\" src=\"\/wp-content\/uploads\/2025\/04\/01-Cocina-Planet-Halifax-Natural-Stuco-Blanco-Vista-1-Final-Alta.jpg\" alt=\"\"><\/p>\n<\/li>\n<li>\n<p>        <img decoding=\"async\" src=\"\/wp-content\/uploads\/2025\/04\/1-cocina-1200x898-1.jpg\" alt=\"\"><\/p>\n<\/li>\n<\/ul>\n<h1>Desde 1987<\/h1>\n<div>\n<p>M\u00e1s de 40 a\u00f1os de experiencia avalan una trayectoria profesional especializada en el dise\u00f1o, fabricaci\u00f3n y montaje de cocinas.\u00a0<\/p>\n<p class=\"p2\"><span class=\"s1\"> <\/span>Nuestra metodolog\u00eda se basa en la fabricaci\u00f3n a medida de su cocina, trabajando las medidas est\u00e1ndar y especiales si es necesario. Teniendo en cuenta cada m\u00ednimo detalle del proyecto llave mano.<\/p>\n<\/div>\n<ul>\n<li>\n<p>        <img decoding=\"async\" src=\"\/wp-content\/uploads\/2025\/04\/SILESTONE-G.svg\" alt=\"\"><\/p>\n<p><img decoding=\"async\" src=\"\/wp-content\/uploads\/2025\/04\/SILESTONE-C.svg\" alt><\/p>\n<\/li>\n<li>\n<p>        <img decoding=\"async\" src=\"\/wp-content\/uploads\/2025\/04\/DEKTON-G.svg\" alt=\"\"><\/p>\n<p><img decoding=\"async\" src=\"\/wp-content\/uploads\/2025\/04\/DEKTON-C.svg\" alt><\/p>\n<\/li>\n<li>\n<p>        <img decoding=\"async\" src=\"\/wp-content\/uploads\/2025\/04\/SALICE-G.svg\" alt=\"\"><\/p>\n<p><img decoding=\"async\" src=\"\/wp-content\/uploads\/2025\/04\/SALICE-C.svg\" alt><\/p>\n<\/li>\n<li>\n<p>        <img decoding=\"async\" src=\"\/wp-content\/uploads\/2025\/04\/LAPITEC-G.svg\" alt=\"\"><\/p>\n<p><img decoding=\"async\" src=\"\/wp-content\/uploads\/2025\/04\/LAPITEC-C.svg\" alt><\/p>\n<\/li>\n<li>\n<p>        <img decoding=\"async\" src=\"\/wp-content\/uploads\/2025\/04\/NEOLITH-G.svg\" alt=\"\"><\/p>\n<p><img decoding=\"async\" src=\"\/wp-content\/uploads\/2025\/04\/NEOLITH-C.svg\" alt><\/p>\n<\/li>\n<li>\n<p>        <img decoding=\"async\" src=\"\/wp-content\/uploads\/2025\/04\/SAPIENS-G.svg\" alt=\"\"><\/p>\n<p><img decoding=\"async\" src=\"\/wp-content\/uploads\/2025\/04\/SAPIENS-C.svg\" alt><\/p>\n<\/li>\n<li>\n<p>        <img decoding=\"async\" src=\"\/wp-content\/uploads\/2025\/04\/BOSCH-G.svg\" alt=\"\"><\/p>\n<p><img decoding=\"async\" src=\"\/wp-content\/uploads\/2025\/04\/BOSCH-C.svg\" alt><\/p>\n<\/li>\n<li>\n<p>        <img decoding=\"async\" src=\"\/wp-content\/uploads\/2025\/04\/BALAY-G.svg\" alt=\"\"><\/p>\n<p><img decoding=\"async\" src=\"\/wp-content\/uploads\/2025\/04\/BALAY-C.svg\" alt><\/p>\n<\/li>\n<\/ul>\n<div>\n<p>37.3847,-6.0644<\/p>\n<div>\n<p>Avda. de Sevilla, 36<br \/>Castilleja de la Cuesta (Sevilla)<\/p>\n<\/div>\n<\/div>\n<p><!--more--><br \/>\n<!-- {\"type\":\"layout\",\"children\":[{\"type\":\"section\",\"props\":{\"height\":\"viewport\",\"image\":\"wp-content\\\/uploads\\\/photo-1632583824020-937ae9564495-scaled.jpg\",\"image_position\":\"center-center\",\"image_size\":\"cover\",\"padding\":\"none\",\"padding_remove_bottom\":false,\"style\":\"default\",\"title_breakpoint\":\"xl\",\"title_position\":\"top-left\",\"title_rotation\":\"left\",\"vertical_align\":\"middle\",\"width\":\"large\"},\"children\":[{\"type\":\"row\",\"children\":[{\"type\":\"column\",\"props\":{\"image_position\":\"center-center\",\"position_sticky_breakpoint\":\"m\",\"width_medium\":\"1-1\"},\"children\":[{\"type\":\"headline\",\"props\":{\"content\":\"Estamos mejorando nuestra web\",\"text_align\":\"center\",\"title_color\":\"muted\",\"title_element\":\"h1\",\"title_style\":\"h1\"}},{\"type\":\"subnav\",\"props\":{\"margin\":\"medium\",\"margin_remove_bottom\":true,\"status\":\"disabled\",\"subnav_style\":\"divider\"},\"children\":[{\"type\":\"subnav_item\",\"props\":{\"content\":\"Featured\",\"link\":\"index.php?company_flag=featured\"}},{\"type\":\"subnav_item\",\"source\":{\"props\":{\"content\":{\"name\":\"name\"},\"link\":{\"name\":\"link\"}},\"query\":{\"name\":\"companyCats.customCompanyCats\",\"arguments\":{\"offset\":0,\"limit\":10,\"order\":\"term_order\",\"order_direction\":\"ASC\",\"id\":0}}}}]}]}]}],\"name\":\"Hero\"},{\"type\":\"section\",\"props\":{\"image_position\":\"center-center\",\"padding\":\"none\",\"style\":\"default\",\"title_breakpoint\":\"xl\",\"title_position\":\"top-left\",\"title_rotation\":\"left\",\"vertical_align\":\"middle\",\"width\":\"\"},\"children\":[{\"type\":\"row\",\"props\":{\"column_gap\":\"collapse\",\"layout\":\"1-2,1-2\",\"row_gap\":\"collapse\"},\"children\":[{\"type\":\"column\",\"props\":{\"image_position\":\"center-center\",\"position_sticky_breakpoint\":\"m\",\"width_medium\":\"1-2\"},\"children\":[{\"type\":\"slideshow\",\"props\":{\"link_style\":\"default\",\"link_text\":\"Read more\",\"margin\":\"default\",\"meta_align\":\"below-title\",\"meta_element\":\"div\",\"meta_style\":\"text-meta\",\"nav\":\"\",\"nav_align\":\"center\",\"nav_breakpoint\":\"s\",\"nav_position\":\"bottom-center\",\"nav_position_margin\":\"medium\",\"overlay_animation\":\"parallax\",\"overlay_position\":\"center-left\",\"show_content\":true,\"show_link\":true,\"show_meta\":true,\"show_thumbnail\":true,\"show_title\":true,\"slidenav\":\"\",\"slidenav_breakpoint\":\"s\",\"slidenav_margin\":\"medium\",\"slidenav_outside_breakpoint\":\"xl\",\"slideshow_animation\":\"push\",\"slideshow_autoplay\":true,\"slideshow_autoplay_interval\":\"6\",\"slideshow_autoplay_pause\":false,\"slideshow_kenburns\":\"alternate\",\"slideshow_min_height\":300,\"thumbnav_height\":\"75\",\"thumbnav_svg_color\":\"emphasis\",\"thumbnav_width\":\"100\",\"title_element\":\"h3\",\"title_hover_style\":\"reset\"},\"children\":[{\"type\":\"slideshow_item\",\"props\":{\"image\":\"wp-content\\\/uploads\\\/2025\\\/04\\\/galeria-cocinas-grupo-top-form-04.jpg\"}},{\"type\":\"slideshow_item\",\"props\":{\"image\":\"wp-content\\\/uploads\\\/2025\\\/04\\\/97-cocina-en-zenit-verde-salvia-1536x1152-1.jpg\"}},{\"type\":\"slideshow_item\",\"props\":{\"image\":\"wp-content\\\/uploads\\\/2025\\\/04\\\/89cocina-en-zenit-cotto-1536x1152-1.jpg\"}},{\"type\":\"slideshow_item\",\"props\":{\"image\":\"wp-content\\\/uploads\\\/2025\\\/04\\\/galeria-cocinas-grupo-top-form-12-gr-1.jpg\"}},{\"type\":\"slideshow_item\",\"props\":{\"image\":\"wp-content\\\/uploads\\\/2025\\\/04\\\/10-Cocina-Fenix-Verde-Comodoro-Olmo-Natural-Vista-Detalle-2-Final-Alta.jpg\"}}]}]},{\"type\":\"column\",\"props\":{\"image_position\":\"center-center\",\"position_sticky_breakpoint\":\"m\",\"width_medium\":\"1-2\"},\"children\":[{\"type\":\"slideshow\",\"props\":{\"link_style\":\"default\",\"link_text\":\"Read more\",\"margin\":\"default\",\"meta_align\":\"below-title\",\"meta_element\":\"div\",\"meta_style\":\"text-meta\",\"nav\":\"\",\"nav_align\":\"center\",\"nav_breakpoint\":\"s\",\"nav_position\":\"bottom-center\",\"nav_position_margin\":\"medium\",\"overlay_animation\":\"parallax\",\"overlay_position\":\"center-left\",\"show_content\":true,\"show_link\":true,\"show_meta\":true,\"show_thumbnail\":true,\"show_title\":true,\"slidenav\":\"\",\"slidenav_breakpoint\":\"s\",\"slidenav_margin\":\"medium\",\"slidenav_outside_breakpoint\":\"xl\",\"slideshow_animation\":\"push\",\"slideshow_autoplay\":true,\"slideshow_autoplay_interval\":\"8\",\"slideshow_autoplay_pause\":false,\"slideshow_kenburns\":\"alternate\",\"slideshow_min_height\":300,\"thumbnav_height\":\"75\",\"thumbnav_svg_color\":\"emphasis\",\"thumbnav_width\":\"100\",\"title_element\":\"h3\",\"title_hover_style\":\"reset\"},\"children\":[{\"type\":\"slideshow_item\",\"props\":{\"image\":\"wp-content\\\/uploads\\\/2025\\\/04\\\/10-Cocina-Fenix-Verde-Comodoro-Olmo-Natural-Vista-Detalle-1-Final-Alta.jpg\"}},{\"type\":\"slideshow_item\",\"props\":{\"image\":\"wp-content\\\/uploads\\\/2025\\\/04\\\/09-Cocina-Max-Advance-Arena-Oro-Planet-Kenia-Vista-Detalle-Cocina-Final-Alta.jpg\"}},{\"type\":\"slideshow_item\",\"props\":{\"image\":\"wp-content\\\/uploads\\\/2025\\\/04\\\/01-Cocina-Planet-Halifax-Natural-Stuco-Blanco-Vista-1-Final-Alta.jpg\"}},{\"type\":\"slideshow_item\",\"props\":{\"image\":\"wp-content\\\/uploads\\\/2025\\\/04\\\/1-cocina-1200x898-1.jpg\"}}]}]}]}]},{\"type\":\"section\",\"props\":{\"image_position\":\"center-center\",\"style\":\"default\",\"title_breakpoint\":\"xl\",\"title_position\":\"top-left\",\"title_rotation\":\"left\",\"vertical_align\":\"middle\",\"width\":\"default\"},\"children\":[{\"type\":\"row\",\"props\":{\"layout\":\"1-2,1-2\"},\"children\":[{\"type\":\"column\",\"props\":{\"image_position\":\"center-center\",\"position_sticky_breakpoint\":\"m\",\"width_medium\":\"1-2\"},\"children\":[{\"type\":\"headline\",\"props\":{\"content\":\"Desde 1987\",\"title_element\":\"h1\"}},{\"type\":\"text\",\"props\":{\"column_breakpoint\":\"m\",\"content\":\"\n\n<p>M\\u00e1s de 40 a\\u00f1os de experiencia avalan una trayectoria profesional especializada en el dise\\u00f1o, fabricaci\\u00f3n y montaje de cocinas.\\u00a0<\\\/p>\\n\n\n<p class=\\\"p2\\\"><span class=\\\"s1\\\"> <\\\/span>Nuestra metodolog\\u00eda se basa en la fabricaci\\u00f3n a medida de su cocina, trabajando las medidas est\\u00e1ndar y especiales si es necesario. Teniendo en cuenta cada m\\u00ednimo detalle del proyecto llave mano.<\\\/p>\",\"margin\":\"default\"}}]},{\"type\":\"column\",\"props\":{\"image_position\":\"center-center\",\"position_sticky_breakpoint\":\"m\",\"width_medium\":\"1-2\"}}]}]},{\"type\":\"section\",\"props\":{\"image_position\":\"center-center\",\"style\":\"default\",\"title_breakpoint\":\"xl\",\"title_position\":\"top-left\",\"title_rotation\":\"left\",\"vertical_align\":\"middle\",\"width\":\"default\"},\"children\":[{\"type\":\"row\",\"children\":[{\"type\":\"column\",\"props\":{\"image_position\":\"center-center\",\"position_sticky_breakpoint\":\"m\"},\"children\":[{\"type\":\"overlay-slider\",\"props\":{\"height_expand\":false,\"image_height\":60,\"image_loading\":true,\"image_transition\":\"scale-up\",\"link_style\":\"default\",\"link_text\":\"Read more\",\"margin\":\"default\",\"meta_align\":\"below-title\",\"meta_element\":\"div\",\"meta_style\":\"text-meta\",\"nav\":\"\",\"nav_align\":\"center\",\"nav_below\":true,\"nav_breakpoint\":\"s\",\"nav_position\":\"bottom-center\",\"nav_position_margin\":\"medium\",\"overlay_mode\":\"cover\",\"overlay_position\":\"center\",\"overlay_transition\":\"fade\",\"show_content\":true,\"show_hover_image\":true,\"show_hover_video\":true,\"show_link\":true,\"show_meta\":true,\"show_title\":true,\"slidenav\":\"\",\"slidenav_breakpoint\":\"s\",\"slidenav_hover\":true,\"slidenav_large\":false,\"slidenav_margin\":\"large\",\"slidenav_outside_breakpoint\":\"xl\",\"slider_autoplay\":true,\"slider_autoplay_pause\":true,\"slider_center\":false,\"slider_finite\":false,\"slider_gap\":\"small\",\"slider_parallax\":false,\"slider_parallax_start\":\"1\",\"slider_sets\":true,\"slider_width\":\"fixed\",\"slider_width_default\":\"1-2\",\"slider_width_large\":\"1-5\",\"slider_width_medium\":\"1-5\",\"text_align\":\"center\",\"title_element\":\"h3\",\"title_hover_style\":\"reset\"},\"children\":[{\"type\":\"overlay-slider_item\",\"props\":{\"hover_image\":\"wp-content\\\/uploads\\\/2025\\\/04\\\/SILESTONE-C.svg\",\"image\":\"wp-content\\\/uploads\\\/2025\\\/04\\\/SILESTONE-G.svg\"}},{\"type\":\"overlay-slider_item\",\"props\":{\"hover_image\":\"wp-content\\\/uploads\\\/2025\\\/04\\\/DEKTON-C.svg\",\"image\":\"wp-content\\\/uploads\\\/2025\\\/04\\\/DEKTON-G.svg\"}},{\"type\":\"overlay-slider_item\",\"props\":{\"hover_image\":\"wp-content\\\/uploads\\\/2025\\\/04\\\/SALICE-C.svg\",\"image\":\"wp-content\\\/uploads\\\/2025\\\/04\\\/SALICE-G.svg\"}},{\"type\":\"overlay-slider_item\",\"props\":{\"hover_image\":\"wp-content\\\/uploads\\\/2025\\\/04\\\/LAPITEC-C.svg\",\"image\":\"wp-content\\\/uploads\\\/2025\\\/04\\\/LAPITEC-G.svg\"}},{\"type\":\"overlay-slider_item\",\"props\":{\"hover_image\":\"wp-content\\\/uploads\\\/2025\\\/04\\\/NEOLITH-C.svg\",\"image\":\"wp-content\\\/uploads\\\/2025\\\/04\\\/NEOLITH-G.svg\"}},{\"type\":\"overlay-slider_item\",\"props\":{\"hover_image\":\"wp-content\\\/uploads\\\/2025\\\/04\\\/SAPIENS-C.svg\",\"image\":\"wp-content\\\/uploads\\\/2025\\\/04\\\/SAPIENS-G.svg\"}},{\"type\":\"overlay-slider_item\",\"props\":{\"hover_image\":\"wp-content\\\/uploads\\\/2025\\\/04\\\/BOSCH-C.svg\",\"image\":\"wp-content\\\/uploads\\\/2025\\\/04\\\/BOSCH-G.svg\"}},{\"type\":\"overlay-slider_item\",\"props\":{\"hover_image\":\"wp-content\\\/uploads\\\/2025\\\/04\\\/BALAY-C.svg\",\"image\":\"wp-content\\\/uploads\\\/2025\\\/04\\\/BALAY-G.svg\"}}]}]}]}],\"name\":\"LOGOS\"},{\"type\":\"section\",\"props\":{\"image_position\":\"center-center\",\"padding\":\"none\",\"style\":\"default\",\"title_breakpoint\":\"xl\",\"title_position\":\"top-left\",\"title_rotation\":\"left\",\"vertical_align\":\"middle\",\"width\":\"\"},\"children\":[{\"type\":\"row\",\"children\":[{\"type\":\"column\",\"props\":{\"image_position\":\"center-center\",\"position_sticky_breakpoint\":\"m\"},\"children\":[{\"type\":\"map\",\"props\":{\"clustering\":false,\"controls\":false,\"dragging\":true,\"fit_bounds\":false,\"image_svg_color\":\"emphasis\",\"link_style\":\"default\",\"link_text\":\"Read more\",\"margin\":\"default\",\"max_zoom\":18,\"meta_align\":\"below-title\",\"meta_element\":\"div\",\"meta_style\":\"text-meta\",\"min_zoom\":0,\"poi\":false,\"show_content\":true,\"show_image\":true,\"show_link\":true,\"show_meta\":true,\"show_title\":true,\"title_element\":\"h3\",\"title_hover_style\":\"reset\",\"type\":\"roadmap\",\"zoom\":\"17\",\"zooming\":true},\"children\":[{\"type\":\"map_item\",\"props\":{\"content\":\"\n\n<p>Avda. de Sevilla, 36<br \\\/>Castilleja de la Cuesta (Sevilla)<\\\/p>\",\"hide\":false,\"location\":\"37.3847,-6.0644\",\"show_popup\":true}}]}]}]}],\"name\":\"MAP\"}],\"version\":\"4.5.13\"} --><\/p>\n","protected":false},"excerpt":{"rendered":"<p>Estamos mejorando nuestra web Desde 1987 M\u00e1s de 40 a\u00f1os de experiencia avalan una trayectoria profesional especializada en el dise\u00f1o, fabricaci\u00f3n y montaje de cocinas.\u00a0 Nuestra metodolog\u00eda se basa en la fabricaci\u00f3n a medida de su cocina, trabajando las medidas est\u00e1ndar y especiales si es necesario. Teniendo en cuenta cada m\u00ednimo detalle del proyecto llave [&hellip;]<\/p>\n","protected":false},"author":1,"featured_media":0,"parent":0,"menu_order":4,"comment_status":"closed","ping_status":"closed","template":"","meta":{"_acf_changed":false,"footnotes":""},"class_list":["post-1","page","type-page","status-publish","hentry"],"acf":[],"_links":{"self":[{"href":"http:\/\/www.cocinasgubia.com\/index.php?rest_route=\/wp\/v2\/pages\/1","targetHints":{"allow":["GET"]}}],"collection":[{"href":"http:\/\/www.cocinasgubia.com\/index.php?rest_route=\/wp\/v2\/pages"}],"about":[{"href":"http:\/\/www.cocinasgubia.com\/index.php?rest_route=\/wp\/v2\/types\/page"}],"author":[{"embeddable":true,"href":"http:\/\/www.cocinasgubia.com\/index.php?rest_route=\/wp\/v2\/users\/1"}],"replies":[{"embeddable":true,"href":"http:\/\/www.cocinasgubia.com\/index.php?rest_route=%2Fwp%2Fv2%2Fcomments&post=1"}],"version-history":[{"count":20,"href":"http:\/\/www.cocinasgubia.com\/index.php?rest_route=\/wp\/v2\/pages\/1\/revisions"}],"predecessor-version":[{"id":2593,"href":"http:\/\/www.cocinasgubia.com\/index.php?rest_route=\/wp\/v2\/pages\/1\/revisions\/2593"}],"wp:attachment":[{"href":"http:\/\/www.cocinasgubia.com\/index.php?rest_route=%2Fwp%2Fv2%2Fmedia&parent=1"}],"curies":[{"name":"wp","href":"https:\/\/api.w.org\/{rel}","templated":true}]}}